{"id":206,"date":"2020-10-22T07:20:41","date_gmt":"2020-10-22T07:20:41","guid":{"rendered":"http:\/\/51.222.206.133\/noticias-articulos\/?page_id=206"},"modified":"2021-03-31T04:09:09","modified_gmt":"2021-03-31T04:09:09","slug":"prueba-de-orientacion-y-medicion-academica-poma","status":"publish","type":"page","link":"https:\/\/www.udoym.edu.do\/noticias-articulos\/prueba-de-orientacion-y-medicion-academica-poma\/","title":{"rendered":"Prueba de Orientaci\u00f3n y Medici\u00f3n Acad\u00e9mica (POMA)"},"content":{"rendered":"","protected":false},"excerpt":{"rendered":"","protected":false},"author":1,"featured_media":0,"parent":0,"menu_order":0,"comment_status":"closed","ping_status":"closed","template":"","meta":[],"_links":{"self":[{"href":"https:\/\/www.udoym.edu.do\/noticias-articulos\/wp-json\/wp\/v2\/pages\/206"}],"collection":[{"href":"https:\/\/www.udoym.edu.do\/noticias-articulos\/wp-json\/wp\/v2\/pages"}],"about":[{"href":"https:\/\/www.udoym.edu.do\/noticias-articulos\/wp-json\/wp\/v2\/types\/page"}],"author":[{"embeddable":true,"href":"https:\/\/www.udoym.edu.do\/noticias-articulos\/wp-json\/wp\/v2\/users\/1"}],"replies":[{"embeddable":true,"href":"https:\/\/www.udoym.edu.do\/noticias-articulos\/wp-json\/wp\/v2\/comments?post=206"}],"version-history":[{"count":1,"href":"https:\/\/www.udoym.edu.do\/noticias-articulos\/wp-json\/wp\/v2\/pages\/206\/revisions"}],"predecessor-version":[{"id":207,"href":"https:\/\/www.udoym.edu.do\/noticias-articulos\/wp-json\/wp\/v2\/pages\/206\/revisions\/207"}],"wp:attachment":[{"href":"https:\/\/www.udoym.edu.do\/noticias-articulos\/wp-json\/wp\/v2\/media?parent=206"}],"curies":[{"name":"wp","href":"https:\/\/api.w.org\/{rel}","templated":true}]}}