{"id":513,"date":"2020-10-26T23:38:01","date_gmt":"2020-10-26T23:38:01","guid":{"rendered":"http:\/\/51.222.206.133\/noticias-articulos\/?page_id=513"},"modified":"2021-03-31T03:34:36","modified_gmt":"2021-03-31T03:34:36","slug":"especialidad-en-habilitacion-docente-para-el-nivel-secundario-modalidad-tecnico-profesional-area-de-contabilidad","status":"publish","type":"page","link":"https:\/\/www.udoym.edu.do\/noticias-articulos\/especialidad-en-habilitacion-docente-para-el-nivel-secundario-modalidad-tecnico-profesional-area-de-contabilidad\/","title":{"rendered":"Especialidad En Habilitaci\u00f3n Docente Para El Nivel Secundario, Modalidad T\u00e9cnico-Profesional: \u00c1rea De Contabilidad"},"content":{"rendered":"","protected":false},"excerpt":{"rendered":"","protected":false},"author":1,"featured_media":0,"parent":0,"menu_order":0,"comment_status":"closed","ping_status":"closed","template":"","meta":[],"_links":{"self":[{"href":"https:\/\/www.udoym.edu.do\/noticias-articulos\/wp-json\/wp\/v2\/pages\/513"}],"collection":[{"href":"https:\/\/www.udoym.edu.do\/noticias-articulos\/wp-json\/wp\/v2\/pages"}],"about":[{"href":"https:\/\/www.udoym.edu.do\/noticias-articulos\/wp-json\/wp\/v2\/types\/page"}],"author":[{"embeddable":true,"href":"https:\/\/www.udoym.edu.do\/noticias-articulos\/wp-json\/wp\/v2\/users\/1"}],"replies":[{"embeddable":true,"href":"https:\/\/www.udoym.edu.do\/noticias-articulos\/wp-json\/wp\/v2\/comments?post=513"}],"version-history":[{"count":1,"href":"https:\/\/www.udoym.edu.do\/noticias-articulos\/wp-json\/wp\/v2\/pages\/513\/revisions"}],"predecessor-version":[{"id":514,"href":"https:\/\/www.udoym.edu.do\/noticias-articulos\/wp-json\/wp\/v2\/pages\/513\/revisions\/514"}],"wp:attachment":[{"href":"https:\/\/www.udoym.edu.do\/noticias-articulos\/wp-json\/wp\/v2\/media?parent=513"}],"curies":[{"name":"wp","href":"https:\/\/api.w.org\/{rel}","templated":true}]}}